{"id":29352,"date":"2017-08-09T18:44:21","date_gmt":"2017-08-09T18:44:21","guid":{"rendered":"http:\/\/crescer.org\/contacts\/"},"modified":"2021-01-22T14:36:13","modified_gmt":"2021-01-22T14:36:13","slug":"contacts","status":"publish","type":"page","link":"https:\/\/crescer.org\/en\/contacts\/","title":{"rendered":"Contacts"},"content":{"rendered":"<p>[et_pb_section fb_built=&#8221;1&#8243; custom_padding_last_edited=&#8221;on|desktop&#8221; admin_label=&#8221;Section&#8221; _builder_version=&#8221;3.22&#8243; background_color=&#8221;#efefef&#8221; custom_padding=&#8221;0px|0px|0px|0px&#8221; custom_padding_tablet=&#8221;50px|0|50px|0&#8243; custom_padding_phone=&#8221;&#8221; transparent_background=&#8221;off&#8221; padding_mobile=&#8221;off&#8221; make_fullwidth=&#8221;off&#8221; use_custom_width=&#8221;off&#8221; width_unit=&#8221;on&#8221; custom_width_px=&#8221;1080px&#8221; custom_width_percent=&#8221;80%&#8221;][et_pb_row column_structure=&#8221;1_2,1_2&#8243; padding_mobile=&#8221;off&#8221; column_padding_mobile=&#8221;on&#8221; admin_label=&#8221;Row&#8221; _builder_version=&#8221;3.25&#8243; background_size=&#8221;initial&#8221; background_position=&#8221;top_left&#8221; background_repeat=&#8221;repeat&#8221; make_fullwidth=&#8221;off&#8221; use_custom_width=&#8221;off&#8221; width_unit=&#8221;off&#8221; custom_width_px=&#8221;1080px&#8221; custom_width_percent=&#8221;80%&#8221;][et_pb_column type=&#8221;1_2&#8243; _builder_version=&#8221;3.25&#8243; custom_padding=&#8221;|||&#8221; custom_padding__hover=&#8221;|||&#8221;][et_pb_text admin_label=&#8221;Text&#8221; _builder_version=&#8221;4.8.1&#8243; background_size=&#8221;initial&#8221; background_position=&#8221;top_left&#8221; background_repeat=&#8221;repeat&#8221; hover_enabled=&#8221;0&#8243; use_border_color=&#8221;off&#8221; border_color=&#8221;#ffffff&#8221; border_style=&#8221;solid&#8221; sticky_enabled=&#8221;0&#8243;]<\/p>\n<h1>Let\u2019s get connected<\/h1>\n<h4>Our future is outlined through contact with others. Help us walk this path.<\/h4>\n<p>The future of Crescer has been changed through contacts made in the streets and by being out in the field.<br \/>\nHow could it change you?<\/p>\n<p>[\/et_pb_text][\/et_pb_column][et_pb_column type=&#8221;1_2&#8243; _builder_version=&#8221;3.25&#8243; custom_padding=&#8221;|||&#8221; custom_padding__hover=&#8221;|||&#8221;][et_pb_code admin_label=&#8221;Code&#8221;]<script type=\"text\/javascript\" src=\"https:\/\/form.jotformeu.com\/jsform\/63553395550359\"><\/script>[\/et_pb_code][\/et_pb_column][\/et_pb_row][\/et_pb_section][et_pb_section fb_built=&#8221;1&#8243; fullwidth=&#8221;on&#8221; custom_padding_last_edited=&#8221;on|desktop&#8221; admin_label=&#8221;section&#8221; _builder_version=&#8221;3.22&#8243; custom_padding_tablet=&#8221;50px|0|50px|0&#8243; custom_padding_phone=&#8221;&#8221; transparent_background=&#8221;off&#8221; padding_mobile=&#8221;off&#8221; make_fullwidth=&#8221;off&#8221; use_custom_width=&#8221;off&#8221; width_unit=&#8221;off&#8221; custom_width_px=&#8221;1080px&#8221; custom_width_percent=&#8221;80%&#8221;][et_pb_fullwidth_image admin_label=&#8221;Fullwidth Image&#8221; _builder_version=&#8221;3.0.87&#8243; animation_style=&#8221;slide&#8221; animation_direction=&#8221;left&#8221; animation_duration=&#8221;500ms&#8221; animation_intensity_slide=&#8221;10%&#8221; use_border_color=&#8221;off&#8221; border_color=&#8221;#ffffff&#8221; border_width=&#8221;1px&#8221; border_style=&#8221;solid&#8221; animation=&#8221;left&#8221;][\/et_pb_fullwidth_image][\/et_pb_section][et_pb_section fb_built=&#8221;1&#8243; custom_padding_last_edited=&#8221;on|desktop&#8221; admin_label=&#8221;Section&#8221; _builder_version=&#8221;3.22&#8243; custom_padding=&#8221;54px|0px|0px|0px&#8221; custom_padding_tablet=&#8221;50px|0|50px|0&#8243; custom_padding_phone=&#8221;&#8221; transparent_background=&#8221;off&#8221; padding_mobile=&#8221;off&#8221; make_fullwidth=&#8221;off&#8221; use_custom_width=&#8221;off&#8221; width_unit=&#8221;off&#8221; custom_width_px=&#8221;1080px&#8221; custom_width_percent=&#8221;80%&#8221;][et_pb_row padding_mobile=&#8221;off&#8221; column_padding_mobile=&#8221;on&#8221; admin_label=&#8221;Row&#8221; _builder_version=&#8221;3.25&#8243; background_size=&#8221;initial&#8221; background_position=&#8221;top_left&#8221; background_repeat=&#8221;repeat&#8221; make_fullwidth=&#8221;off&#8221; use_custom_width=&#8221;off&#8221; width_unit=&#8221;off&#8221; custom_width_px=&#8221;1080px&#8221; custom_width_percent=&#8221;80%&#8221;][et_pb_column type=&#8221;4_4&#8243; _builder_version=&#8221;3.25&#8243; custom_padding=&#8221;|||&#8221; custom_padding__hover=&#8221;|||&#8221;][et_pb_text admin_label=&#8221;Text&#8221; _builder_version=&#8221;4.8.1&#8243; background_size=&#8221;initial&#8221; background_position=&#8221;top_left&#8221; background_repeat=&#8221;repeat&#8221; use_border_color=&#8221;off&#8221; border_style=&#8221;solid&#8221;]<\/p>\n<h4 style=\"text-align: center;\">If you prefer to talk on the phone, communicate via email, send us a letter or visit us in person, we are here to listen to you, answer questions or share our story and useful information!<\/h4>\n<p>[\/et_pb_text][\/et_pb_column][\/et_pb_row][\/et_pb_section][et_pb_section fb_built=&#8221;1&#8243; custom_padding_last_edited=&#8221;on|desktop&#8221; admin_label=&#8221;section&#8221; _builder_version=&#8221;3.22&#8243; custom_padding=&#8221;0px|0px|0px|0px&#8221; custom_padding_tablet=&#8221;50px|0|50px|0&#8243; custom_padding_phone=&#8221;&#8221; transparent_background=&#8221;off&#8221; padding_mobile=&#8221;off&#8221; make_fullwidth=&#8221;off&#8221; use_custom_width=&#8221;off&#8221; width_unit=&#8221;off&#8221; custom_width_px=&#8221;1080px&#8221; custom_width_percent=&#8221;80%&#8221;][et_pb_row padding_mobile=&#8221;off&#8221; column_padding_mobile=&#8221;on&#8221; admin_label=&#8221;row&#8221; _builder_version=&#8221;3.25&#8243; background_size=&#8221;initial&#8221; background_position=&#8221;top_left&#8221; background_repeat=&#8221;repeat&#8221; custom_padding=&#8221;10px|0px|10px|0px&#8221; make_fullwidth=&#8221;off&#8221; use_custom_width=&#8221;off&#8221; width_unit=&#8221;off&#8221; custom_width_px=&#8221;1080px&#8221; custom_width_percent=&#8221;80%&#8221;][et_pb_column type=&#8221;4_4&#8243; _builder_version=&#8221;3.25&#8243; custom_padding=&#8221;|||&#8221; custom_padding__hover=&#8221;|||&#8221;][et_pb_divider color=&#8221;#000000&#8243; divider_position=&#8221;center&#8221; divider_weight=&#8221;1px&#8221; disabled_on=&#8221;off|off|off&#8221; admin_label=&#8221;Divider&#8221; _builder_version=&#8221;3.2&#8243; hide_on_mobile=&#8221;off&#8221;][\/et_pb_divider][\/et_pb_column][\/et_pb_row][\/et_pb_section][et_pb_section fb_built=&#8221;1&#8243; custom_padding_last_edited=&#8221;on|desktop&#8221; admin_label=&#8221;Section&#8221; _builder_version=&#8221;3.22&#8243; custom_padding=&#8221;0px|0px|0px|0px&#8221; custom_padding_tablet=&#8221;50px|0|50px|0&#8243; custom_padding_phone=&#8221;&#8221; transparent_background=&#8221;off&#8221; padding_mobile=&#8221;off&#8221; make_fullwidth=&#8221;off&#8221; use_custom_width=&#8221;off&#8221; width_unit=&#8221;on&#8221; custom_width_px=&#8221;1080px&#8221; custom_width_percent=&#8221;80%&#8221;][et_pb_row column_structure=&#8221;1_3,1_3,1_3&#8243; use_custom_gutter=&#8221;on&#8221; gutter_width=&#8221;1&#8243; padding_mobile=&#8221;off&#8221; column_padding_mobile=&#8221;on&#8221; admin_label=&#8221;Row&#8221; _builder_version=&#8221;3.25&#8243; background_size=&#8221;initial&#8221; background_position=&#8221;top_left&#8221; background_repeat=&#8221;repeat&#8221; custom_padding=&#8221;20px|||&#8221; make_fullwidth=&#8221;off&#8221; use_custom_width=&#8221;off&#8221; width_unit=&#8221;off&#8221; custom_width_px=&#8221;1080px&#8221; custom_width_percent=&#8221;80%&#8221;][et_pb_column type=&#8221;1_3&#8243; _builder_version=&#8221;3.25&#8243; custom_padding=&#8221;|||&#8221; custom_padding_tablet=&#8221;&#8221; custom_padding_phone=&#8221;&#8221; custom_padding_last_edited=&#8221;on|phone&#8221; custom_padding__hover=&#8221;|||&#8221;][et_pb_blurb use_icon=&#8221;on&#8221; font_icon=&#8221;%%104%%&#8221; icon_color=&#8221;#000000&#8243; use_icon_font_size=&#8221;on&#8221; icon_font_size=&#8221;60px&#8221; admin_label=&#8221;Telefone&#8221; _builder_version=&#8221;3.0.87&#8243; background_size=&#8221;initial&#8221; background_position=&#8221;top_left&#8221; background_repeat=&#8221;repeat&#8221; animation=&#8221;off&#8221; use_border_color=&#8221;off&#8221; border_color=&#8221;#ffffff&#8221; border_width=&#8221;1px&#8221; border_style=&#8221;solid&#8221;]<\/p>\n<h4 style=\"text-align: center;\"><strong>Call us<\/strong><\/h4>\n<p style=\"text-align: center;\">+351 213 620 192<\/p>\n<p>[\/et_pb_blurb][\/et_pb_column][et_pb_column type=&#8221;1_3&#8243; _builder_version=&#8221;3.25&#8243; custom_padding=&#8221;|||&#8221; custom_padding_tablet=&#8221;&#8221; custom_padding_phone=&#8221;50px|||&#8221; custom_padding_last_edited=&#8221;on|phone&#8221; custom_padding__hover=&#8221;|||&#8221;][et_pb_blurb use_icon=&#8221;on&#8221; font_icon=&#8221;%%122%%&#8221; icon_color=&#8221;#000000&#8243; use_icon_font_size=&#8221;on&#8221; icon_font_size=&#8221;60px&#8221; admin_label=&#8221;carta&#8221; _builder_version=&#8221;3.0.87&#8243; background_size=&#8221;initial&#8221; background_position=&#8221;top_left&#8221; background_repeat=&#8221;repeat&#8221; animation=&#8221;off&#8221; use_border_color=&#8221;off&#8221; border_color=&#8221;#ffffff&#8221; border_width=&#8221;1px&#8221; border_style=&#8221;solid&#8221;]<\/p>\n<h4 style=\"text-align: center;\"><strong>Send us a letter or visit us<\/strong><\/h4>\n<p style=\"text-align: center;\">Bairro Qta Cabrinha 3 \u2013 E\/F\u00a01300-906 Lisboa<br \/>\nCoordinates GPS: \u00a038.711401, -9.175289<\/p>\n<p>[\/et_pb_blurb][\/et_pb_column][et_pb_column type=&#8221;1_3&#8243; _builder_version=&#8221;3.25&#8243; custom_padding=&#8221;|||&#8221; custom_padding_tablet=&#8221;&#8221; custom_padding_phone=&#8221;50px|||&#8221; custom_padding_last_edited=&#8221;on|phone&#8221; custom_padding__hover=&#8221;|||&#8221;][et_pb_blurb use_icon=&#8221;on&#8221; font_icon=&#8221;%%106%%&#8221; icon_color=&#8221;#000000&#8243; use_icon_font_size=&#8221;on&#8221; icon_font_size=&#8221;60px&#8221; admin_label=&#8221;email&#8221; _builder_version=&#8221;3.0.87&#8243; background_size=&#8221;initial&#8221; background_position=&#8221;top_left&#8221; background_repeat=&#8221;repeat&#8221; animation=&#8221;off&#8221; use_border_color=&#8221;off&#8221; border_color=&#8221;#ffffff&#8221; border_width=&#8221;1px&#8221; border_style=&#8221;solid&#8221;]<\/p>\n<h4 style=\"text-align: center;\"><strong>Send us an email<\/strong><\/h4>\n<p style=\"text-align: center;\"><a href=\"mailto:info@crescer.org\">info@crescer.org<\/a><\/p>\n<p>[\/et_pb_blurb][\/et_pb_column][\/et_pb_row][\/et_pb_section][et_pb_section fb_built=&#8221;1&#8243; fullwidth=&#8221;on&#8221; custom_padding_last_edited=&#8221;on|desktop&#8221; admin_label=&#8221;Section&#8221; _builder_version=&#8221;3.22&#8243; custom_padding_tablet=&#8221;50px|0|50px|0&#8243; custom_padding_phone=&#8221;&#8221; transparent_background=&#8221;off&#8221; padding_mobile=&#8221;off&#8221; make_fullwidth=&#8221;off&#8221; use_custom_width=&#8221;off&#8221; width_unit=&#8221;off&#8221; custom_width_px=&#8221;1080px&#8221; custom_width_percent=&#8221;80%&#8221;][et_pb_fullwidth_map address=&#8221;R. da Quinta do Cabrinha 3, 1300 Lisboa, Portugal&#8221; zoom_level=&#8221;17&#8243; address_lat=&#8221;38.7121177&#8243; address_lng=&#8221;-9.1756009000001&#8243; mouse_wheel=&#8221;off&#8221; admin_label=&#8221;Mapa Crescer&#8221; _builder_version=&#8221;3.0.91&#8243;][et_pb_map_pin title=&#8221;Associa\u00e7\u00e3o Crescer&#8221; pin_address=&#8221;R. da Quinta do Cabrinha 3, 1300 Lisboa, Portugal&#8221; pin_address_lat=&#8221;38.7121177&#8243; pin_address_lng=&#8221;-9.175600900000063&#8243; _builder_version=&#8221;3.0.47&#8243;]<\/p>\n<p><span>Bairro Qta Cabrinha 3 &ndash; E\/F&nbsp;1300-906 Lisboa<\/span><br \/><span>Coordinates GPS: &nbsp;38.711401, -9.175289<\/span><\/p>\n<p>[\/et_pb_map_pin][\/et_pb_fullwidth_map][\/et_pb_section][et_pb_section fb_built=&#8221;1&#8243; custom_padding_last_edited=&#8221;on|desktop&#8221; parallax_method_1=&#8221;off&#8221; parallax_method_2=&#8221;off&#8221; parallax_method_3=&#8221;off&#8221; admin_label=&#8221;Section&#8221; module_id=&#8221;rodape&#8221; _builder_version=&#8221;3.22&#8243; background_color=&#8221;#00259a&#8221; custom_padding=&#8221;20px||0px|&#8221; custom_padding_tablet=&#8221;50px|0|50px|0&#8243; custom_padding_phone=&#8221;&#8221; custom_css_main_element=&#8221;padding-top:0px;&#8221; transparent_background=&#8221;off&#8221; padding_mobile=&#8221;off&#8221; make_fullwidth=&#8221;off&#8221; use_custom_width=&#8221;off&#8221; width_unit=&#8221;on&#8221; custom_width_px=&#8221;1080px&#8221; custom_width_percent=&#8221;80%&#8221; global_module=&#8221;26925&#8243;][et_pb_row column_structure=&#8221;1_4,1_4,1_4,1_4&#8243; padding_mobile=&#8221;off&#8221; column_padding_mobile=&#8221;on&#8221; _builder_version=&#8221;3.25&#8243; background_size=&#8221;initial&#8221; background_position=&#8221;top_left&#8221; background_repeat=&#8221;repeat&#8221; custom_padding=&#8221;NaNpx||0px|&#8221; make_fullwidth=&#8221;off&#8221; use_custom_width=&#8221;off&#8221; width_unit=&#8221;on&#8221; custom_width_px=&#8221;1080px&#8221; custom_width_percent=&#8221;80%&#8221;][et_pb_column type=&#8221;1_4&#8243; _builder_version=&#8221;3.25&#8243; custom_padding=&#8221;|||&#8221; custom_padding__hover=&#8221;|||&#8221;][et_pb_image src=&#8221;https:\/\/crescer.org\/wp-content\/uploads\/2016\/11\/logo-crescer-principal-negativo-com-simbolo.png&#8221; align_tablet=&#8221;center&#8221; align_phone=&#8221;&#8221; align_last_edited=&#8221;on|desktop&#8221; admin_label=&#8221;logo crescer&#8221; _builder_version=&#8221;3.23&#8243; max_width=&#8221;50%&#8221; custom_margin=&#8221;|||&#8221; use_border_color=&#8221;off&#8221; border_color=&#8221;#ffffff&#8221; border_width=&#8221;1px&#8221; border_style=&#8221;solid&#8221; animation=&#8221;off&#8221; sticky=&#8221;off&#8221; always_center_on_mobile=&#8221;on&#8221;][\/et_pb_image][et_pb_text admin_label=&#8221;docs&#8221; _builder_version=&#8221;4.8.1&#8243; border_style=&#8221;solid&#8221;]<\/p>\n<p style=\"text-align: left;\"><span style=\"font-size: medium; color: #999999;\"><a style=\"color: #999999;\" href=\"https:\/\/crescer.org\/wp-content\/uploads\/2018\/06\/orgaossociais2018-2019.pdf\" target=\"_blank\" rel=\"noopener noreferrer\">Social Entities 2018-2019<\/a> <a style=\"color: #999999;\" href=\"https:\/\/crescer.org\/wp-content\/uploads\/2019\/10\/Relat\u00f3rio-Contas-2018.pdf\" target=\"_blank\" rel=\"noopener noreferrer\"><\/a><\/span><br \/> <span style=\"font-size: medium; color: #999999;\"><a style=\"color: #999999;\" href=\"https:\/\/crescer.org\/wp-content\/uploads\/2020\/06\/Plano-de-atividades-2019.pdf\" target=\"_blank\" rel=\"noopener noreferrer\"><\/a><\/span><span style=\"font-size: medium; color: #999999;\"><a style=\"color: #999999;\" href=\"https:\/\/crescer.org\/wp-content\/uploads\/2020\/06\/Plano-de-atividades-2019.pdf\" target=\"_blank\" rel=\"noopener noreferrer\"><\/a><\/span><span style=\"font-size: medium; color: #999999;\"><a style=\"color: #999999;\" href=\"https:\/\/crescer.org\/wp-content\/uploads\/2020\/06\/Plano-de-atividades-2019.pdf\" target=\"_blank\" rel=\"noopener noreferrer\"><\/a><\/span><\/p>\n<p style=\"text-align: left;\"><span style=\"font-size: medium; color: #999999;\"><a style=\"color: #999999;\" href=\"https:\/\/drive.google.com\/file\/d\/1O3R1WO6iwYjmIGow0CxG4_RXEeU1QCXg\/view?usp=sharing\" target=\"_blank\" rel=\"noopener noreferrer\">Activities Plan 2021 <\/a><\/span><span style=\"font-size: medium; color: #999999;\"><\/span><\/p>\n<p style=\"text-align: left;\"><span style=\"font-size: medium; color: #999999;\"><a style=\"color: #999999;\" href=\"https:\/\/crescer.org\/wp-content\/uploads\/2020\/07\/Plano-de-Atividades-2019-1.pdf\" target=\"_blank\" rel=\"noopener noreferrer\">Activities Report 2019 <\/a><\/span><\/p>\n<p style=\"text-align: left;\"><span style=\"font-size: medium; color: #999999;\"><a style=\"color: #999999;\" href=\"https:\/\/crescer.org\/wp-content\/uploads\/2020\/07\/Contas-2019.pdf\" target=\"_blank\" rel=\"noopener noreferrer\">Account Report 2019<\/a><\/span><\/p>\n<p>[\/et_pb_text][et_pb_text admin_label=&#8221;alojamento&#8221; _builder_version=&#8221;4.7.7&#8243; text_font_size=&#8221;12&#8243; text_line_height=&#8221;1em&#8221; header_text_color=&#8221;#ffffff&#8221; header_font_size=&#8221;10px&#8221; background_size=&#8221;initial&#8221; background_position=&#8221;top_left&#8221; background_repeat=&#8221;repeat&#8221; background_layout=&#8221;dark&#8221; use_border_color=&#8221;off&#8221; border_color=&#8221;#ffffff&#8221; border_style=&#8221;solid&#8221;]<\/p>\n<p><span style=\"color: #ffffff; font-size: medium;\">\u00a9 CRESCER 2020<\/span><br \/><span style=\"font-size: medium;\"><a href=\"https:\/\/www.webhs.pt\/\" target=\"_blank\" rel=\"noopener noreferrer\"><span style=\"color: #ffffff;\">Web Hosting &#8211; WebHS<\/span><\/a><\/span><\/p>\n<p>[\/et_pb_text][\/et_pb_column][et_pb_column type=&#8221;1_4&#8243; _builder_version=&#8221;3.25&#8243; custom_padding=&#8221;|||&#8221; custom_padding__hover=&#8221;|||&#8221;][et_pb_text admin_label=&#8221;menu e fb&#8221; _builder_version=&#8221;4.7.7&#8243; text_text_color=&#8221;#ffffff&#8221; header_text_color=&#8221;#ffffff&#8221; background_layout=&#8221;dark&#8221; border_style=&#8221;solid&#8221;]<\/p>\n<p><span style=\"color: #ffffff; font-size: medium;\"><a style=\"color: #ffffff;\" href=\"..\/\">Home<\/a><\/span><br \/><span style=\"color: #ffffff; font-size: medium;\"> <a style=\"color: #ffffff;\" href=\"a-associacao\/\">The Association<\/a><\/span><br \/><span style=\"color: #ffffff; font-size: medium;\"> <a style=\"color: #ffffff;\" href=\"projetos\/\">Projects<br \/><\/a><a style=\"color: #ffffff;\" href=\"como-estar-envolvido\/\">Get involved<\/a><\/span><br \/><span style=\"font-size: medium;\"><span style=\"color: #ffffff;\"> <a style=\"color: #ffffff;\" href=\"apoie-nos\/\">Support us<br \/><\/a><\/span><a style=\"color: #ffffff;\" href=\"..\/loja\">Store<\/a><\/span><br \/><span style=\"color: #ffffff; font-size: medium;\"> <a style=\"color: #ffffff;\" href=\"contactos\/\">Contacts<\/a><\/span><\/p>\n<p><span style=\"color: #ffffff; font-size: medium;\"><a style=\"color: #ffffff;\" href=\"https:\/\/www.facebook.com\/crescer.org\" target=\"_blank\" rel=\"noopener noreferrer\">Facebook<\/a><br \/><span style=\"font-size: medium;\"><span style=\"color: #ffffff;\"><a style=\"color: #ffffff;\" href=\"https:\/\/www.youtube.com\/channel\/UCnCcY6dbqo6OUHagTFdG4Nw\" target=\"_blank\" rel=\"noopener noreferrer\">Youtube<\/a><a style=\"color: #ffffff;\" href=\"apoie-nos\/\"><br \/><\/a><a style=\"color: #ffffff;\" href=\"https:\/\/www.instagram.com\/crescer_org\/\" target=\"_blank\" rel=\"noopener noreferrer\">Instagram<\/a><br \/><a style=\"color: #ffffff;\" href=\"https:\/\/twitter.com\/CRESCER_org\" target=\"_blank\" rel=\"noopener\">Twitter<\/a><br \/><a style=\"color: #ffffff;\" href=\"https:\/\/www.linkedin.com\/company\/crescercrescer\/\" target=\"_blank\" rel=\"noopener\">LinkedIn<\/a><\/span><\/span><\/span><\/p>\n<p>[\/et_pb_text][et_pb_button _builder_version=&#8221;4.7.7&#8243;][\/et_pb_button][\/et_pb_column][et_pb_column type=&#8221;1_4&#8243; _builder_version=&#8221;3.25&#8243; custom_padding=&#8221;|||&#8221; custom_padding__hover=&#8221;|||&#8221;][et_pb_signup mailchimp_list=&#8221;2b426e60af&#8221; button_text=&#8221;Subscribe&#8221; description=&#8221;Join our mailing list!&#8221; admin_label=&#8221;newsletter&#8221; _builder_version=&#8221;4.7.7&#8243; form_field_background_color=&#8221;#3351ae&#8221; form_field_text_color=&#8221;#ffffff&#8221; header_font_size=&#8221;14px&#8221; header_line_height=&#8221;1em&#8221; body_text_color=&#8221;#ffffff&#8221; body_font_size=&#8221;11px&#8221; body_line_height=&#8221;1em&#8221; custom_button=&#8221;on&#8221; button_text_size=&#8221;14px&#8221; button_text_color=&#8221;#ffffff&#8221; button_border_width=&#8221;1px&#8221; button_border_color=&#8221;#ffffff&#8221; button_border_radius=&#8221;3px&#8221; button_letter_spacing=&#8221;1px&#8221; button_use_icon=&#8221;off&#8221; custom_margin=&#8221;0px|0px|0px|0px&#8221; custom_padding=&#8221;0px|5px|0px|5px&#8221; custom_css_main_element=&#8221;padding-top:0px;&#8221; custom_css_newsletter_fields=&#8221;font-size:12px; padding: 0px; margin-top: -5px; margin-bottom: -5px;&#8221; use_border_color=&#8221;off&#8221; border_color=&#8221;#ffffff&#8221; border_width=&#8221;1px&#8221; border_style=&#8221;solid&#8221; button_letter_spacing_hover=&#8221;0&#8243; button_text_size__hover_enabled=&#8221;off&#8221; button_one_text_size__hover_enabled=&#8221;off&#8221; button_two_text_size__hover_enabled=&#8221;off&#8221; button_text_color__hover_enabled=&#8221;off&#8221; button_one_text_color__hover_enabled=&#8221;off&#8221; button_two_text_color__hover_enabled=&#8221;off&#8221; button_border_width__hover_enabled=&#8221;off&#8221; button_one_border_width__hover_enabled=&#8221;off&#8221; button_two_border_width__hover_enabled=&#8221;off&#8221; button_border_color__hover_enabled=&#8221;off&#8221; button_one_border_color__hover_enabled=&#8221;off&#8221; button_two_border_color__hover_enabled=&#8221;off&#8221; button_border_radius__hover_enabled=&#8221;off&#8221; button_one_border_radius__hover_enabled=&#8221;off&#8221; button_two_border_radius__hover_enabled=&#8221;off&#8221; button_letter_spacing__hover_enabled=&#8221;on&#8221; button_letter_spacing__hover=&#8221;0&#8243; button_one_letter_spacing__hover_enabled=&#8221;off&#8221; button_two_letter_spacing__hover_enabled=&#8221;off&#8221; button_bg_color__hover_enabled=&#8221;off&#8221; button_one_bg_color__hover_enabled=&#8221;off&#8221; button_two_bg_color__hover_enabled=&#8221;off&#8221;]<\/p>\n<p><span style=\"color: #ffffff; font-size: medium;\">Join our mailing list!<\/span><\/p>\n<p>[\/et_pb_signup][\/et_pb_column][et_pb_column type=&#8221;1_4&#8243; _builder_version=&#8221;3.25&#8243; custom_padding=&#8221;|||&#8221; custom_padding__hover=&#8221;|||&#8221;][et_pb_text admin_label=&#8221;doa\u00e7\u00e3o&#8221; _builder_version=&#8221;4.4.7&#8243; text_font_size=&#8221;12&#8243; text_line_height=&#8221;1em&#8221; header_text_color=&#8221;#ffffff&#8221; header_font_size=&#8221;10px&#8221; background_size=&#8221;initial&#8221; background_position=&#8221;top_left&#8221; background_repeat=&#8221;repeat&#8221; background_layout=&#8221;dark&#8221; use_border_color=&#8221;off&#8221; border_color=&#8221;#ffffff&#8221; border_style=&#8221;solid&#8221;]<\/p>\n<p><span style=\"font-size: medium; color: #ffffff;\"><strong>Donate<\/strong><\/span><\/p>\n<p><span style=\"font-size: medium; color: #ffffff;\">Help us Grow!\u00a0<\/span><\/p>\n<p>&nbsp;<\/p>\n<h6><span style=\"color: #ffffff;\"><b>IBAN <\/b>PT50 0018 0003 4831 1690 0204 8<\/span><\/h6>\n<h6><span style=\"color: #ffffff;\"><b>MBWAY <\/b>965063318<\/span><\/h6>\n<p>[\/et_pb_text][et_pb_button button_url=&#8221;https:\/\/crescer.org\/en\/support-us\/&#8221; button_text=&#8221;Make a donation&#8221; button_alignment=&#8221;left&#8221; admin_label=&#8221;bot\u00e3o doa\u00e7\u00e3o&#8221; _builder_version=&#8221;4.4.7&#8243; custom_button=&#8221;on&#8221; button_text_size=&#8221;14px&#8221; button_border_width=&#8221;1px&#8221; background_layout=&#8221;dark&#8221; button_letter_spacing_hover=&#8221;0&#8243; button_text_size__hover_enabled=&#8221;off&#8221; button_one_text_size__hover_enabled=&#8221;off&#8221; button_two_text_size__hover_enabled=&#8221;off&#8221; button_text_color__hover_enabled=&#8221;off&#8221; button_one_text_color__hover_enabled=&#8221;off&#8221; button_two_text_color__hover_enabled=&#8221;off&#8221; button_border_width__hover_enabled=&#8221;off&#8221; button_one_border_width__hover_enabled=&#8221;off&#8221; button_two_border_width__hover_enabled=&#8221;off&#8221; button_border_color__hover_enabled=&#8221;off&#8221; button_one_border_color__hover_enabled=&#8221;off&#8221; button_two_border_color__hover_enabled=&#8221;off&#8221; button_border_radius__hover_enabled=&#8221;off&#8221; button_one_border_radius__hover_enabled=&#8221;off&#8221; button_two_border_radius__hover_enabled=&#8221;off&#8221; button_letter_spacing__hover_enabled=&#8221;on&#8221; button_letter_spacing__hover=&#8221;0&#8243; button_one_letter_spacing__hover_enabled=&#8221;off&#8221; button_two_letter_spacing__hover_enabled=&#8221;off&#8221; button_bg_color__hover_enabled=&#8221;off&#8221; button_one_bg_color__hover_enabled=&#8221;off&#8221; button_two_bg_color__hover_enabled=&#8221;off&#8221;][\/et_pb_button][\/et_pb_column][\/et_pb_row][\/et_pb_section]<\/p>\n","protected":false},"excerpt":{"rendered":"<p>[et_pb_section fb_built=&#8221;1&#8243; custom_padding_last_edited=&#8221;on|desktop&#8221; admin_label=&#8221;Section&#8221; _builder_version=&#8221;3.22&#8243; background_color=&#8221;#efefef&#8221; custom_padding=&#8221;0px|0px|0px|0px&#8221; custom_padding_tablet=&#8221;50px|0|50px|0&#8243; custom_padding_phone=&#8221;&#8221; transparent_background=&#8221;off&#8221; padding_mobile=&#8221;off&#8221; make_fullwidth=&#8221;off&#8221; use_custom_width=&#8221;off&#8221; width_unit=&#8221;on&#8221; custom_width_px=&#8221;1080px&#8221; custom_width_percent=&#8221;80%&#8221;][et_pb_row column_structure=&#8221;1_2,1_2&#8243; padding_mobile=&#8221;off&#8221; column_padding_mobile=&#8221;on&#8221; admin_label=&#8221;Row&#8221; _builder_version=&#8221;3.25&#8243; background_size=&#8221;initial&#8221; background_position=&#8221;top_left&#8221; background_repeat=&#8221;repeat&#8221; make_fullwidth=&#8221;off&#8221; use_custom_width=&#8221;off&#8221; width_unit=&#8221;off&#8221; custom_width_px=&#8221;1080px&#8221; custom_width_percent=&#8221;80%&#8221;][et_pb_column type=&#8221;1_2&#8243; _builder_version=&#8221;3.25&#8243; custom_padding=&#8221;|||&#8221; custom_padding__hover=&#8221;|||&#8221;][et_pb_text admin_label=&#8221;Text&#8221; _builder_version=&#8221;4.8.1&#8243; background_size=&#8221;initial&#8221; background_position=&#8221;top_left&#8221; background_repeat=&#8221;repeat&#8221; hover_enabled=&#8221;0&#8243; use_border_color=&#8221;off&#8221; border_color=&#8221;#ffffff&#8221; border_style=&#8221;solid&#8221; sticky_enabled=&#8221;0&#8243;] Let\u2019s get connected Our future is outlined through contact with others. Help [&hellip;]<\/p>\n","protected":false},"author":1,"featured_media":0,"parent":0,"menu_order":0,"comment_status":"closed","ping_status":"closed","template":"","meta":{"_et_pb_use_builder":"on","_et_pb_old_content":"","_et_gb_content_width":"","_monsterinsights_skip_tracking":false,"_monsterinsights_sitenote_active":false,"_monsterinsights_sitenote_note":"","_monsterinsights_sitenote_category":0},"_links":{"self":[{"href":"https:\/\/crescer.org\/en\/wp-json\/wp\/v2\/pages\/29352"}],"collection":[{"href":"https:\/\/crescer.org\/en\/wp-json\/wp\/v2\/pages"}],"about":[{"href":"https:\/\/crescer.org\/en\/wp-json\/wp\/v2\/types\/page"}],"author":[{"embeddable":true,"href":"https:\/\/crescer.org\/en\/wp-json\/wp\/v2\/users\/1"}],"replies":[{"embeddable":true,"href":"https:\/\/crescer.org\/en\/wp-json\/wp\/v2\/comments?post=29352"}],"version-history":[{"count":12,"href":"https:\/\/crescer.org\/en\/wp-json\/wp\/v2\/pages\/29352\/revisions"}],"predecessor-version":[{"id":32933,"href":"https:\/\/crescer.org\/en\/wp-json\/wp\/v2\/pages\/29352\/revisions\/32933"}],"wp:attachment":[{"href":"https:\/\/crescer.org\/en\/wp-json\/wp\/v2\/media?parent=29352"}],"curies":[{"name":"wp","href":"https:\/\/api.w.org\/{rel}","templated":true}]}}